{"id":7,"date":"2022-05-12T16:35:08","date_gmt":"2022-05-12T14:35:08","guid":{"rendered":"https:\/\/www.pibagency.pl\/?page_id=7"},"modified":"2026-01-26T10:12:53","modified_gmt":"2026-01-26T09:12:53","slug":"pib-agency","status":"publish","type":"page","link":"https:\/\/www.pibagency.pl\/","title":{"rendered":"PIB  Agency"},"content":{"rendered":"\n\n\t\t\t\t<img decoding=\"async\" src=\"https:\/\/www.pibagency.pl\/wp-content\/uploads\/2025\/02\/logo_PIB_Agency_k_RGB_png_bez-marginesow-300x102.png\" alt=\"Logo PIB Agency K RGB Png Bez Marginesow\" itemprop=\"image\" height=\"102\" width=\"300\" title=\"Logo PIB Agency K RGB Png Bez Marginesow\" onerror=\"this.style.display='none'\" loading=\"lazy\" \/>\n\t\t\t\t<img decoding=\"async\" src=\"https:\/\/www.pibagency.pl\/wp-content\/uploads\/2022\/05\/szewrony.png\" alt=\"Szewrony\" itemprop=\"image\" height=\"52\" width=\"319\" title=\"Szewrony\" onerror=\"this.style.display='none'\" loading=\"lazy\" \/>\n\t\t<h3>KONTAKT<\/h3><strong>PIB Agency sp. z o.o.<\/strong><br \/>\nul. Na Ostatnim Groszu 3<br \/>\n54-207 Wroc\u0142aw\n<p>biuro@pibagency.pl<\/p>\nNIP: 8961611619<br \/>\nREGON: 521445457<br \/>\nS\u0105d Rejonowy dla Wroc\u0142awia Fabrycznej,<br \/>\nVI Wydzia\u0142 Gospodarczy Krajowego Rejestru S\u0105dowego,<br \/>\nKRS: 0000959146, kapita\u0142 zak\u0142adowy: 19.525.000,00 PLN\n<h4>\n\t\t<a href=\"https:\/\/www.pibagency.pl\/wp-content\/uploads\/2026\/01\/Klauzula-informacyjna-PIB-Agency_01.2026.pdf\" title=\"Klauzula informacyjna\"  target=\"_blank\"  rel=\"noopener\">\n\t\t\tKlauzula informacyjna\t\t<\/a>\n\t<\/h4>\n\tstworzone z \u00a0 <img decoding=\"async\" src=\"\/wp-content\/themes\/generatepress_child\/img\/love_bl.svg\" \/> \u00a0przez\u00a0 <a href=\"https:\/\/innova.uno?utm_source=stopka-klient\"><img decoding=\"async\" src=\"\/wp-content\/themes\/generatepress_child\/img\/innova_logo_white.png\" width=\"75px\" \/><\/a>\n\n","protected":false},"excerpt":{"rendered":"<p>KONTAKT PIB Agency sp. z o.o. ul. Na Ostatnim Groszu 3 54-207 Wroc\u0142aw biuro@pibagency.pl NIP: 8961611619 REGON: 521445457 S\u0105d Rejonowy dla Wroc\u0142awia Fabrycznej, VI Wydzia\u0142 Gospodarczy Krajowego Rejestru S\u0105dowego, KRS: 0000959146, kapita\u0142 zak\u0142adowy: 19.525.000,00 PLN Klauzula informacyjna stworzone z \u00a0 \u00a0przez\u00a0<\/p>\n","protected":false},"author":1,"featured_media":0,"parent":0,"menu_order":0,"comment_status":"closed","ping_status":"closed","template":"","meta":{"footnotes":""},"class_list":["post-7","page","type-page","status-publish"],"_links":{"self":[{"href":"https:\/\/www.pibagency.pl\/index.php?rest_route=\/wp\/v2\/pages\/7","targetHints":{"allow":["GET"]}}],"collection":[{"href":"https:\/\/www.pibagency.pl\/index.php?rest_route=\/wp\/v2\/pages"}],"about":[{"href":"https:\/\/www.pibagency.pl\/index.php?rest_route=\/wp\/v2\/types\/page"}],"author":[{"embeddable":true,"href":"https:\/\/www.pibagency.pl\/index.php?rest_route=\/wp\/v2\/users\/1"}],"replies":[{"embeddable":true,"href":"https:\/\/www.pibagency.pl\/index.php?rest_route=%2Fwp%2Fv2%2Fcomments&post=7"}],"version-history":[{"count":36,"href":"https:\/\/www.pibagency.pl\/index.php?rest_route=\/wp\/v2\/pages\/7\/revisions"}],"predecessor-version":[{"id":66,"href":"https:\/\/www.pibagency.pl\/index.php?rest_route=\/wp\/v2\/pages\/7\/revisions\/66"}],"wp:attachment":[{"href":"https:\/\/www.pibagency.pl\/index.php?rest_route=%2Fwp%2Fv2%2Fmedia&parent=7"}],"curies":[{"name":"wp","href":"https:\/\/api.w.org\/{rel}","templated":true}]}}